{"id":186,"date":"2025-02-12T16:41:19","date_gmt":"2025-02-12T16:41:19","guid":{"rendered":"https:\/\/vocalcoach-niederrhein.de\/?page_id=186"},"modified":"2025-02-19T15:38:12","modified_gmt":"2025-02-19T15:38:12","slug":"sprecherausbildung","status":"publish","type":"page","link":"https:\/\/vocalcoach-niederrhein.de\/?page_id=186","title":{"rendered":"Sprecherausbildung\/Stimmtraining NRW"},"content":{"rendered":"\n<p>Aus eigener Erfahrung kann ich sagen, dass bereits Menschen, welche eine Sprecherausbildung bei gut vermarkteten Sprecher Akademien absolviert haben, den Weg zu meiner kleinen, liebevoll gef\u00fchrten Einrichtung in Nordrhein Westfalen gefunden haben.\u00a0<\/p>\n\n\n\n<p>Diese Menschen sind immer total perplex, wenn sie von Atemtechnik\/ Atemst\u00fctze h\u00f6ren und diese dann erfahren d\u00fcrfen.<\/p>\n\n\n\n<p>Sie freuen sich, wenn ihr Atemprozess liebevoll korrigiert wird.&nbsp;<\/p>\n\n\n\n<p>Weg von Hochatmung, hin zu einer \u201eInneren Weite\u201c, Dank Aktivierung der Atemmuskulatur.<\/p>\n\n\n\n<p>Bewusstes Sp\u00fcren unserer Resonanzr\u00e4ume, Zungenpositionen bei Konsonanten und Vokalen, eine gute Artikulation, Mimik sind Voraussetzungen in der Sprecherausbildung.&nbsp;<\/p>\n\n\n\n<p>Leider stellten wir aber auch gemeinsam fest, dass Authentizit\u00e4t vor lauter professionellem Denken und Steuerung auf der Strecke bleiben.&nbsp;<\/p>\n\n\n\n<p>Dabei gilt es doch alles zu vereinen.<\/p>\n\n\n\n<p>Ein eingesprochenes H\u00f6rbuch f\u00fcr Kinder klang eher an eine Pr\u00e4sentation eines Produkts.&nbsp;<\/p>\n\n\n\n<p>Der Gesamteindruck dieser Sprachaufnahme wirkte k\u00fcnstlich, lieblos.<\/p>\n\n\n\n<p>Die Pers\u00f6nlichkeit spiegelt sich in der Stimme wider.<\/p>\n\n\n\n<p>Aufgrund dieser Tatsache, ist es bedeutsam die eigene Pers\u00f6nlichkeit zu erkennen und genau hinzuschauen, wo es&nbsp; und warum es an \u201eAuthentizit\u00e4t\u201c fehlt.&nbsp;<\/p>\n\n\n\n<p>Bleiben Sie neugierig und lassen Sie in Ihrem Inneren eine Ver\u00e4nderung zu.<\/p>\n\n\n\n<p>Herzliche Gr\u00fc\u00dfe&nbsp;<\/p>\n\n\n\n<p>Angelique Damschen&nbsp;<\/p>\n\n\n\n<p><\/p>\n\n\n\n<p><\/p>\n","protected":false},"excerpt":{"rendered":"<p>Aus eigener Erfahrung kann ich sagen, dass bereits Menschen, welche eine Sprecherausbildung bei gut vermarkteten [&hellip;]<\/p>\n","protected":false},"author":1,"featured_media":0,"parent":0,"menu_order":0,"comment_status":"closed","ping_status":"closed","template":"","meta":{"om_disable_all_campaigns":false,"_monsterinsights_skip_tracking":false,"_monsterinsights_sitenote_active":false,"_monsterinsights_sitenote_note":"","_monsterinsights_sitenote_category":0,"footnotes":""},"class_list":["post-186","page","type-page","status-publish","hentry"],"aioseo_notices":[],"_links":{"self":[{"href":"https:\/\/vocalcoach-niederrhein.de\/index.php?rest_route=\/wp\/v2\/pages\/186","targetHints":{"allow":["GET"]}}],"collection":[{"href":"https:\/\/vocalcoach-niederrhein.de\/index.php?rest_route=\/wp\/v2\/pages"}],"about":[{"href":"https:\/\/vocalcoach-niederrhein.de\/index.php?rest_route=\/wp\/v2\/types\/page"}],"author":[{"embeddable":true,"href":"https:\/\/vocalcoach-niederrhein.de\/index.php?rest_route=\/wp\/v2\/users\/1"}],"replies":[{"embeddable":true,"href":"https:\/\/vocalcoach-niederrhein.de\/index.php?rest_route=%2Fwp%2Fv2%2Fcomments&post=186"}],"version-history":[{"count":2,"href":"https:\/\/vocalcoach-niederrhein.de\/index.php?rest_route=\/wp\/v2\/pages\/186\/revisions"}],"predecessor-version":[{"id":271,"href":"https:\/\/vocalcoach-niederrhein.de\/index.php?rest_route=\/wp\/v2\/pages\/186\/revisions\/271"}],"wp:attachment":[{"href":"https:\/\/vocalcoach-niederrhein.de\/index.php?rest_route=%2Fwp%2Fv2%2Fmedia&parent=186"}],"curies":[{"name":"wp","href":"https:\/\/api.w.org\/{rel}","templated":true}]}}